{"id":315,"date":"2024-07-04T10:12:25","date_gmt":"2024-07-04T08:12:25","guid":{"rendered":"https:\/\/krzysztofcieslak.com\/home\/"},"modified":"2025-01-10T19:49:39","modified_gmt":"2025-01-10T18:49:39","slug":"home","status":"publish","type":"page","link":"https:\/\/vtensor.com\/pl\/","title":{"rendered":"Home"},"content":{"rendered":"\n<div class=\"wp-block-group alignfull has-accent-background-color has-background has-global-padding is-layout-constrained wp-container-core-group-is-layout-60d4070e wp-block-group-is-layout-constrained\" style=\"margin-top:0;margin-bottom:0;padding-top:var(--wp--preset--spacing--30);padding-right:var(--wp--preset--spacing--50);padding-bottom:0;padding-left:var(--wp--preset--spacing--50)\">\n<div class=\"wp-block-columns alignwide is-layout-flex wp-container-core-columns-is-layout-1da03c2a wp-block-columns-is-layout-flex\">\n<div class=\"wp-block-column is-vertically-aligned-stretch is-layout-flow wp-block-column-is-layout-flow\" style=\"flex-basis:50%\">\n<div class=\"wp-block-group has-global-padding is-layout-constrained wp-block-group-is-layout-constrained\" style=\"min-height:100%\">\n<p class=\"has-heading-font-family has-x-large-font-size\" style=\"line-height:1.2\">Jestem Krzysztof Cie\u015blak.<\/p>\n\n\n\n<div class=\"wp-block-group is-layout-flow wp-block-group-is-layout-flow\" style=\"padding-bottom:var(--wp--preset--spacing--30)\">\n<p class=\"wp-container-content-0733e5d0\" style=\"padding-bottom:var(--wp--preset--spacing--20)\">Wiem wi\u0119cej, ni\u017c mo\u017cesz si\u0119 spodziewa\u0107, i jestem zafascynowany AI. Na co dzie\u0144 korzystam z ChatGPT, Claude, Gemini oraz otwartych LLM i uwa\u017cam, \u017ce GenAI jest przysz\u0142o\u015bci\u0105. D\u0105\u017c\u0119 do tego, by sta\u0107 si\u0119 ekspertem w dziedzinie in\u017cynierii AI.<\/p>\n\n\n\n<p>Porozmawiajmy!<\/p>\n\n\n\n<div class=\"wp-block-buttons is-content-justification-center is-layout-flex wp-container-core-buttons-is-layout-a89b3969 wp-block-buttons-is-layout-flex\">\n<div class=\"wp-block-button has-custom-width wp-block-button__width-50\"><a class=\"wp-block-button__link wp-element-button\" href=\"https:\/\/krzysztofcieslak.com\/pl\/spotkanie\/\" style=\"border-radius:80px;padding-top:var(--wp--preset--spacing--10);padding-bottom:var(--wp--preset--spacing--10)\" target=\"_blank\" rel=\"noopener\"><strong>Poznajmy si\u0119!<\/strong><\/a><\/div>\n<\/div>\n<\/div>\n<\/div>\n<\/div>\n\n\n\n<div class=\"wp-block-column is-vertically-aligned-bottom is-layout-flow wp-block-column-is-layout-flow\" style=\"flex-basis:50%\">\n<figure class=\"wp-block-image size-full is-style-default\"><img loading=\"lazy\" decoding=\"async\" width=\"1024\" height=\"759\" src=\"https:\/\/vtensor.com\/wp-content\/uploads\/2025\/01\/neurons-2.png\" alt=\"\" class=\"wp-image-454\" srcset=\"https:\/\/vtensor.com\/wp-content\/uploads\/2025\/01\/neurons-2.png 1024w, https:\/\/vtensor.com\/wp-content\/uploads\/2025\/01\/neurons-2-300x222.png 300w, https:\/\/vtensor.com\/wp-content\/uploads\/2025\/01\/neurons-2-768x569.png 768w\" sizes=\"auto, (max-width: 1024px) 100vw, 1024px\" \/><\/figure>\n<\/div>\n<\/div>\n<\/div>\n\n\n<elevenlabs-convai agent-id=\"dbysz9MLq2tlrb2x7tqK\"><\/elevenlabs-convai><script src=\"https:\/\/elevenlabs.io\/convai-widget\/index.js\" async type=\"text\/javascript\"><\/script>\n\n\n<div class=\"wp-block-group alignfull has-base-2-background-color has-background has-global-padding is-layout-constrained wp-container-core-group-is-layout-d89aad35 wp-block-group-is-layout-constrained\" style=\"margin-top:0;margin-bottom:0;padding-top:var(--wp--preset--spacing--50);padding-right:var(--wp--preset--spacing--50);padding-bottom:var(--wp--preset--spacing--50);padding-left:var(--wp--preset--spacing--50)\">\n<div class=\"wp-block-columns alignwide is-layout-flex wp-container-core-columns-is-layout-549b0c86 wp-block-columns-is-layout-flex\">\n<div class=\"wp-block-column is-vertically-aligned-top has-global-padding is-content-justification-left is-layout-constrained wp-container-core-column-is-layout-4f15e8fe wp-block-column-is-layout-constrained\" style=\"flex-basis:40%\">\n<p>Kim jestem?<\/p>\n<\/div>\n\n\n\n<div class=\"wp-block-column is-layout-flow wp-container-core-column-is-layout-119bc444 wp-block-column-is-layout-flow\" style=\"flex-basis:60%\">\n<p class=\"has-heading-font-family has-x-large-font-size\" style=\"line-height:1.2\">Do\u015bwiadczony.<\/p>\n\n\n\n<div class=\"wp-block-columns is-layout-flex wp-container-core-columns-is-layout-87beb0d0 wp-block-columns-is-layout-flex\">\n<div class=\"wp-block-column is-layout-flow wp-block-column-is-layout-flow\">\n<p>Zacz\u0105\u0142em jako samouk programista. Ju\u017c w szkole podstawowej napisa\u0142em swoj\u0105 pierwsz\u0105 tekstow\u0105 gr\u0119 handlow\u0105 na Commodore 64, kt\u00f3r\u0105 wci\u0105\u017c mam do dzi\u015b. Podczas boomu dot-com uruchomi\u0142em pierwsz\u0105 sie\u0107 lokaln\u0105 w mojej okolicy bez praktycznej wiedzy, a dzia\u0142a\u0142a bez zarzutu. Pracowa\u0142em jako sprzedawca w sieci sklep\u00f3w z elektronik\u0105, a p\u00f3\u017aniej jako starszy programista efekt\u00f3w wizualnych dla stron internetowych du\u017cych marek. Projektowa\u0142em i animowa\u0142em reklamy.    <\/p>\n\n\n\n<p>Nast\u0119pnie za\u0142o\u017cy\u0142em software house jako Project Manager, a p\u00f3\u017aniej Product Manager, zarz\u0105dzaj\u0105c wielopoziomow\u0105 struktur\u0105 firmy.<\/p>\n<\/div>\n\n\n\n<div class=\"wp-block-column is-layout-flow wp-block-column-is-layout-flow\">\n<p>Razem z zespo\u0142em opracowywali\u015bmy zaawansowane rozwi\u0105zania do zarz\u0105dzania biznesem dla naszych klient\u00f3w, w tym nagradzane aplikacje IoT. By\u0142em wyk\u0142adowc\u0105 na uniwersytecie, przekazuj\u0105c wiedz\u0119 na temat UX i UI przysz\u0142ym entuzjastom technologii. Uczestniczy\u0142em r\u00f3wnie\u017c w targach Dubai GITEX.  <\/p>\n\n\n\n<p>Jestem entuzjast\u0105 Generatywnej AI, Web3 i wszelkiego rodzaju automatyzacji. \u015awiadcz\u0119 us\u0142ugi doradcze w zakresie transformacji cyfrowej i zakocha\u0142em si\u0119 w LLM, Pythonie, Keras i PyTorch&#8230; <\/p>\n<\/div>\n<\/div>\n\n\n\n<h2 class=\"wp-block-heading\">A to dopiero pocz\u0105tek&#8230;<\/h2>\n<\/div>\n<\/div>\n<\/div>\n\n\n\n<div class=\"wp-block-group alignfull has-global-padding is-layout-constrained wp-container-core-group-is-layout-d89aad35 wp-block-group-is-layout-constrained\" style=\"margin-top:0;margin-bottom:0;padding-top:var(--wp--preset--spacing--50);padding-right:var(--wp--preset--spacing--50);padding-bottom:var(--wp--preset--spacing--50);padding-left:var(--wp--preset--spacing--50)\">\n<div class=\"wp-block-group alignwide has-base-2-background-color has-background is-layout-flow wp-block-group-is-layout-flow\" style=\"border-radius:0px;padding-top:var(--wp--preset--spacing--50);padding-right:var(--wp--preset--spacing--50);padding-bottom:var(--wp--preset--spacing--50);padding-left:var(--wp--preset--spacing--50)\">\n<p class=\"has-text-align-center\">W trakcie mojej kariery wsp\u00f3\u0142pracowa\u0142em z najlepszymi markami, oto niekt\u00f3re z wybranych:<\/p>\n\n\n\n<div style=\"height:var(--wp--preset--spacing--10)\" aria-hidden=\"true\" class=\"wp-block-spacer\"><\/div>\n\n\n\n<div class=\"wp-block-group alignwide is-content-justification-center is-layout-flex wp-container-core-group-is-layout-f95ffa09 wp-block-group-is-layout-flex\" style=\"padding-top:0;padding-right:0;padding-bottom:0;padding-left:0\">\n<div class=\"wp-block-group is-nowrap is-layout-flex wp-container-core-group-is-layout-6c531013 wp-block-group-is-layout-flex\">\n<figure class=\"wp-block-image size-large is-resized\"><img loading=\"lazy\" decoding=\"async\" width=\"300\" height=\"217\" src=\"https:\/\/krzysztofcieslak.com\/wp-content\/uploads\/2024\/07\/logo-armani-1.svg\" alt=\"\" class=\"wp-image-225\" style=\"aspect-ratio:1.3333333333333333;object-fit:contain;width:150px;height:auto\"\/><\/figure>\n<\/div>\n\n\n\n<figure class=\"wp-block-image size-large is-resized\"><img loading=\"lazy\" decoding=\"async\" width=\"300\" height=\"217\" src=\"https:\/\/krzysztofcieslak.com\/wp-content\/uploads\/2024\/07\/logo-volkswagen-1.svg\" alt=\"\" class=\"wp-image-227\" style=\"width:150px\"\/><\/figure>\n\n\n\n<figure class=\"wp-block-image size-large is-resized\"><img loading=\"lazy\" decoding=\"async\" width=\"300\" height=\"217\" src=\"https:\/\/krzysztofcieslak.com\/wp-content\/uploads\/2024\/07\/logo-wonga-2.svg\" alt=\"\" class=\"wp-image-229\" style=\"width:150px\"\/><\/figure>\n\n\n\n<figure class=\"wp-block-image size-large is-resized\"><img loading=\"lazy\" decoding=\"async\" width=\"300\" height=\"217\" src=\"https:\/\/krzysztofcieslak.com\/wp-content\/uploads\/2024\/07\/logo-les-mousquetaires-1.svg\" alt=\"\" class=\"wp-image-231\" style=\"width:150px\"\/><\/figure>\n\n\n\n<figure class=\"wp-block-image size-large is-resized\"><img loading=\"lazy\" decoding=\"async\" width=\"300\" height=\"217\" src=\"https:\/\/krzysztofcieslak.com\/wp-content\/uploads\/2024\/07\/logo-orlen-2.svg\" alt=\"\" class=\"wp-image-235\" style=\"width:150px\"\/><\/figure>\n\n\n\n<figure class=\"wp-block-image size-large is-resized\"><img decoding=\"async\" src=\"https:\/\/krzysztofcieslak.com\/wp-content\/uploads\/2024\/07\/logo-mercedes-benz-1.svg\" alt=\"\" class=\"wp-image-241\" style=\"width:150px\"\/><\/figure>\n\n\n\n<figure class=\"wp-block-image size-large is-resized\"><img loading=\"lazy\" decoding=\"async\" width=\"300\" height=\"217\" src=\"https:\/\/krzysztofcieslak.com\/wp-content\/uploads\/2024\/07\/logo-hm-1.svg\" alt=\"\" class=\"wp-image-248\" style=\"width:150px\"\/><\/figure>\n\n\n\n<figure class=\"wp-block-image size-large is-resized\"><img loading=\"lazy\" decoding=\"async\" width=\"300\" height=\"217\" src=\"https:\/\/krzysztofcieslak.com\/wp-content\/uploads\/2024\/07\/logo-wrigley.svg\" alt=\"\" class=\"wp-image-251\" style=\"width:150px\"\/><\/figure>\n\n\n\n<figure class=\"wp-block-image size-large is-resized\"><img loading=\"lazy\" decoding=\"async\" width=\"300\" height=\"217\" src=\"https:\/\/krzysztofcieslak.com\/wp-content\/uploads\/2024\/07\/logo-amica.svg\" alt=\"\" class=\"wp-image-254\" style=\"width:150px\"\/><\/figure>\n\n\n\n<figure class=\"wp-block-image size-large is-resized\"><img loading=\"lazy\" decoding=\"async\" width=\"300\" height=\"217\" src=\"https:\/\/krzysztofcieslak.com\/wp-content\/uploads\/2024\/07\/logo-blinnkee-city.svg\" alt=\"\" class=\"wp-image-261\" style=\"width:150px\"\/><\/figure>\n<\/div>\n<\/div>\n\n\n\n<p>A by\u0142o ich wi\u0119cej&#8230;<\/p>\n<\/div>\n\n\n\n<div class=\"wp-block-group alignfull has-base-color has-contrast-background-color has-text-color has-background has-link-color wp-elements-55feed201ae760c179c14913e421ca9b has-global-padding is-layout-constrained wp-container-core-group-is-layout-d89aad35 wp-block-group-is-layout-constrained\" style=\"margin-top:0;margin-bottom:0;padding-top:var(--wp--preset--spacing--50);padding-right:var(--wp--preset--spacing--50);padding-bottom:var(--wp--preset--spacing--50);padding-left:var(--wp--preset--spacing--50)\">\n<h2 class=\"wp-block-heading alignwide has-base-color has-text-color has-link-color wp-elements-59cfb213502bae8ff1b5b51540f392e8\" style=\"font-size:clamp(4.509rem, 4.509rem + ((1vw - 0.2rem) * 9.152), 10rem);letter-spacing:-0.02em\">FAQ:<\/h2>\n\n\n\n<div class=\"wp-block-group alignwide is-layout-flow wp-block-group-is-layout-flow\">\n<hr class=\"wp-block-separator has-text-color has-base-color has-alpha-channel-opacity has-base-background-color has-background is-style-wide\"\/>\n\n\n\n<details class=\"wp-block-details is-style-arrow-icon-details has-medium-font-size is-layout-flow wp-block-details-is-layout-flow\" style=\"border-top-style:none;border-top-width:0px;border-right-style:none;border-right-width:0px;border-bottom-color:var(--wp--preset--color--base);border-bottom-style:solid;border-bottom-width:1px;border-left-style:none;border-left-width:0px;margin-top:0\"><summary>Jaki jest Tw\u00f3j proces pracy przy mniejszych projektach?<\/summary>\n<p class=\"has-contrast-1-color has-text-color has-link-color wp-elements-913f7caf63e7c9f3e86ea87e16e539cc\">M\u00f3j proces pracy przy mniejszych projektach jest generalnie taki sam jak przy wi\u0119kszych projektach. Oto zarys typowych krok\u00f3w: <\/p>\n\n\n\n<ol class=\"wp-block-list\">\n<li>Analiza biznesowa w kontek\u015bcie projektu: Obejmuje zrozumienie cel\u00f3w i za\u0142o\u017ce\u0144 biznesowych. Kluczowe dzia\u0142ania to: \n<ul class=\"wp-block-list\">\n<li>Identyfikacja cel\u00f3w biznesowych: Okre\u015blenie, co projekt ma osi\u0105gn\u0105\u0107 z perspektywy biznesowej.<\/li>\n\n\n\n<li>User Story Mapping (Mapowanie w\u0119dr\u00f3wki u\u017cytkownika): Rozbicie projektu na historie u\u017cytkownik\u00f3w, aby zrozumie\u0107 wymagania i potrzebne funkcjonalno\u015bci.<\/li>\n<\/ul>\n<\/li>\n\n\n\n<li>Planowanie projektu: Tworzenie szczeg\u00f3\u0142owego planu projektu, kt\u00f3ry obejmuje harmonogramy, kamienie milowe i przydzia\u0142 zasob\u00f3w.\n<ul class=\"wp-block-list\">\n<li>Definicja zakresu: Jasne okre\u015blenie zakresu projektu, aby zapewni\u0107 zgodno\u015b\u0107 wszystkich interesariuszy.<\/li>\n\n\n\n<li>Rozbicie zada\u0144: Podzia\u0142 projektu na mniejsze, zarz\u0105dzalne zadania.<\/li>\n<\/ul>\n<\/li>\n\n\n\n<li>Zarz\u0105dzanie zasobami: Przydzia\u0142 niezb\u0119dnych zasob\u00f3w, w tym cz\u0142onk\u00f3w zespo\u0142u, narz\u0119dzi i bud\u017cetu.\n<ul class=\"wp-block-list\">\n<li>Przydzia\u0142 zespo\u0142u: Przydzielenie r\u00f3l i odpowiedzialno\u015bci cz\u0142onkom zespo\u0142u na podstawie ich umiej\u0119tno\u015bci i do\u015bwiadczenia.<\/li>\n\n\n\n<li>Planowanie bud\u017cetu: Szacowanie i przydzielanie bud\u017cetu potrzebnego do realizacji projektu.<\/li>\n<\/ul>\n<\/li>\n\n\n\n<li>Realizacja i monitorowanie: Wdra\u017canie planu projektu i ci\u0105g\u0142e monitorowanie post\u0119p\u00f3w, aby upewni\u0107 si\u0119, \u017ce projekt jest na w\u0142a\u015bciwej drodze.\n<ul class=\"wp-block-list\">\n<li>\u015aledzenie post\u0119p\u00f3w: Korzystanie z narz\u0119dzi i metod do \u015bledzenia post\u0119p\u00f3w projektu w por\u00f3wnaniu z planem.<\/li>\n\n\n\n<li>Zarz\u0105dzanie ryzykiem: Identyfikacja potencjalnych ryzyk i opracowanie strategii ich minimalizacji.<\/li>\n<\/ul>\n<\/li>\n\n\n\n<li>Komunikacja: Utrzymywanie jasnej i sp\u00f3jnej komunikacji ze wszystkimi interesariuszami przez ca\u0142y cykl \u017cycia projektu.\n<ul class=\"wp-block-list\">\n<li>Regularne aktualizacje: Regularne przekazywanie statusu projektu interesariuszom i cz\u0142onkom zespo\u0142u.<\/li>\n\n\n\n<li>Mechanizmy feedbacku: Ustanowienie mechanizm\u00f3w feedbacku, aby zapewni\u0107 szybkie rozwi\u0105zanie wszelkich problem\u00f3w.<\/li>\n<\/ul>\n<\/li>\n\n\n\n<li>QS \u2014 zapewnienie jako\u015bci: Zapewnienie, \u017ce dostarczane produkty projektu spe\u0142niaj\u0105 wymagane standardy i specyfikacje.\n<ul class=\"wp-block-list\">\n<li>Testowanie: Przeprowadzenie gruntownych test\u00f3w w celu identyfikacji i rozwi\u0105zania wszelkich wad lub problem\u00f3w.<\/li>\n\n\n\n<li>Przegl\u0105dy: Regularne przegl\u0105dy i audyty w celu utrzymania kontroli jako\u015bci.<\/li>\n<\/ul>\n<\/li>\n\n\n\n<li>Dostawa i wsparcie: Pomy\u015blne dostarczenie projektu i zapewnienie dalszego wsparcia w razie potrzeby\n<ul class=\"wp-block-list\">\n<li>Wdro\u017cenie: Implementacja ko\u0144cowego rozwi\u0105zania i zapewnienie jego pe\u0142nej operacyjno\u015bci.<\/li>\n\n\n\n<li>Post-Implementation Support: Provide support to address any post-launch issues and ensure smooth operation.<\/li>\n<\/ul>\n<\/li>\n<\/ol>\n\n\n\n<p class=\"has-contrast-1-color has-text-color has-link-color wp-elements-3ddd200a799b62e73ffb6c19b16bf083\">Post\u0119puj\u0105c zgodnie z tym usystematyzowanym podej\u015bciem, zapewniam skuteczne zarz\u0105dzanie zar\u00f3wno ma\u0142ymi, jak i du\u017cymi projektami, osi\u0105gaj\u0105c po\u017c\u0105dane wyniki biznesowe.<\/p>\n<\/details>\n\n\n\n<details class=\"wp-block-details is-style-arrow-icon-details has-medium-font-size is-layout-flow wp-block-details-is-layout-flow\" style=\"border-top-style:none;border-top-width:0px;border-right-style:none;border-right-width:0px;border-bottom-color:var(--wp--preset--color--base);border-bottom-style:solid;border-bottom-width:1px;border-left-style:none;border-left-width:0px;margin-top:0\"><summary>Czy mo\u017cesz poda\u0107 mi liczby i kilka szczeg\u00f3\u0142\u00f3w o sobie?<\/summary>\n<p class=\"has-contrast-1-color has-text-color has-link-color wp-elements-edccf55a1b55607b497dcdec9a308d51\">Oczywi\u015bcie.<\/p>\n\n\n\n<ul class=\"wp-block-list\">\n<li>ponad 30 zrealizowanych projekt\u00f3w, z kt\u00f3rych 6 by\u0142o utrzymywanych nieprzerwanie od ponad 4 lata (a jeden z nich ponad 8 lat)<\/li>\n\n\n\n<li>1 milion EUR &#8211; \u015brednia ca\u0142kowita warto\u015b\u0107 d\u0142ugoterminowych projekt\u00f3w<\/li>\n\n\n\n<li>93% projekt\u00f3w zrealizowanych na czas<\/li>\n\n\n\n<li>7,5\/10 &#8211; \u015bredni roczny Net Promoter Score<\/li>\n\n\n\n<li>80% ryzyk skutecznie zidentyfikowanych i zminimalizowanych w projektach, unikaj\u0105c op\u00f3\u017anie\u0144 i dodatkowych koszt\u00f3w<\/li>\n\n\n\n<li>30+ &#8211; liczba zarz\u0105dzanych os\u00f3b<\/li>\n\n\n\n<li>2 uzyskane granty<\/li>\n\n\n\n<li>skutecznie skalowano biznes od roli podwykonawcy do kluczowego partnera<\/li>\n\n\n\n<li>Pomy\u015blna transformacja realizacji projekt\u00f3w w kierunku najlepszych praktyk Agile<\/li>\n\n\n\n<li>Zorganizowano i uczestniczono w Expo w Dubaju<\/li>\n\n\n\n<li>uczestnictwo w konferencji Web Summit w Lizbonie<\/li>\n\n\n\n<li>prelegent na konferencji InternetBeta w Rzeszowie (Polska)<\/li>\n\n\n\n<li>Wyk\u0142adowca School of Form (SWPS): projektowanie wizualne interfejs\u00f3w<\/li>\n<\/ul>\n<\/details>\n\n\n\n<details class=\"wp-block-details is-style-arrow-icon-details has-medium-font-size is-layout-flow wp-block-details-is-layout-flow\" style=\"border-top-style:none;border-top-width:0px;border-right-style:none;border-right-width:0px;border-bottom-color:var(--wp--preset--color--base);border-bottom-style:solid;border-bottom-width:1px;border-left-style:none;border-left-width:0px;margin-top:0\"><summary>Jakiego rodzaju oprogramowania i metodologii u\u017cywasz?<\/summary>\n<p>A lot.<\/p>\n\n\n\n<p>Jira, Confluence, Basecamp, Trello, Asana, ClickUp, Open Project, Slack, Redmine, Word, Excel, Power Point, Pages, Numbers, Keynote, Google Docs, Google Sheets, Google Slides, Figma, Miro, Photoshop, Illustrator, Inkscape, Bubble, WebFlow, WordPress, Angular, React, Low\/No code, IoT, Chat GPT, Gemini, Perplexity, Ollama, best practices in Agile Methodology, Waterfall, Design, Analytics, Negotiation, Project Management, Risk Management, Sales, Lean Canvas, Product Discovery, Roadmap, User Story Mapping<\/p>\n<\/details>\n\n\n\n<details class=\"wp-block-details is-style-arrow-icon-details has-medium-font-size is-layout-flow wp-block-details-is-layout-flow\" style=\"border-top-style:none;border-top-width:0px;border-right-style:none;border-right-width:0px;border-bottom-color:var(--wp--preset--color--base);border-bottom-style:solid;border-bottom-width:1px;border-left-style:none;border-left-width:0px;margin-top:0\"><summary>Czy mog\u0119 ci\u0119 teraz zatrudni\u0107 lub po prostu z tob\u0105 wsp\u00f3\u0142pracowa\u0107?<\/summary>\n<p class=\"has-contrast-1-color has-text-color has-link-color wp-elements-4974bd6b62e9c2dadf64fc9c685a156d\">Oczywi\u015bcie, po prostu napisz do mnie.<\/p>\n<\/details>\n\n\n\n<details class=\"wp-block-details is-style-arrow-icon-details has-medium-font-size is-layout-flow wp-block-details-is-layout-flow\" style=\"border-top-style:none;border-top-width:0px;border-right-style:none;border-right-width:0px;border-bottom-color:var(--wp--preset--color--base);border-bottom-style:solid;border-bottom-width:1px;border-left-style:none;border-left-width:0px;margin-top:0\"><summary>Jakie masz jeszcze inne supermoce?<\/summary>\n<p class=\"has-contrast-1-color has-text-color has-link-color wp-elements-d5ff1c9616071d40162d2f8bb2b70328\">Umiem i lubi\u0119:<\/p>\n\n\n\n<ol class=\"wp-block-list\">\n<li>Na\u015bladowa\u0107 g\u0142os Mak\u0142owicza<\/li>\n\n\n\n<li>Gra\u0107 na perkusji<\/li>\n\n\n\n<li>Naprawi\u0107 samoch\u00f3d z agentem AI<\/li>\n\n\n\n<li>Gotowa\u0107 (uwielbiam)<\/li>\n\n\n\n<li>Siedzie\u0107 po nocach i pog\u0142\u0119bi\u0107 wiedz\u0119<\/li>\n\n\n\n<li>Biega\u0107 I je\u017adzi\u0107 na rowerze<\/li>\n\n\n\n<li>Skonfiigurowa\u0107 automatyzacje Smart Home, g\u0142\u00f3wnie z Apple Home<\/li>\n\n\n\n<li>Stworzy\u0107 procesy, kt\u00f3re dzia\u0142aj\u0105<\/li>\n\n\n\n<li>Ulepsza\u0107 wszystko, co mnie otacza<\/li>\n\n\n\n<li>Konstruktywnie dyskutowa\u0107<\/li>\n<\/ol>\n<\/details>\n\n\n\n<div style=\"margin-top:var(--wp--preset--spacing--10);margin-bottom:0;height:var(--wp--preset--spacing--10)\" aria-hidden=\"true\" class=\"wp-block-spacer\"><\/div>\n<\/div>\n<\/div>\n\n\n\n<div class=\"wp-block-group alignfull has-global-padding is-layout-constrained wp-container-core-group-is-layout-d89aad35 wp-block-group-is-layout-constrained\" style=\"margin-top:0;margin-bottom:0;padding-top:var(--wp--preset--spacing--50);padding-right:var(--wp--preset--spacing--50);padding-bottom:var(--wp--preset--spacing--50);padding-left:var(--wp--preset--spacing--50)\">\n<div class=\"wp-block-group alignwide has-base-2-background-color has-background has-global-padding is-layout-constrained wp-container-core-group-is-layout-39412042 wp-block-group-is-layout-constrained\" style=\"border-radius:16px;padding-top:var(--wp--preset--spacing--40);padding-right:var(--wp--preset--spacing--50);padding-bottom:var(--wp--preset--spacing--40);padding-left:var(--wp--preset--spacing--50)\">\n<div style=\"height:var(--wp--preset--spacing--10)\" aria-hidden=\"true\" class=\"wp-block-spacer\"><\/div>\n\n\n\n<h2 class=\"wp-block-heading has-text-align-center has-x-large-font-size\">Do\u0142\u0105cz do mojej wizji.<\/h2>\n\n\n\n<p class=\"has-text-align-center\">Kliknij przycisk poni\u017cej.<\/p>\n\n\n\n<div class=\"wp-block-buttons is-content-justification-center is-layout-flex wp-container-core-buttons-is-layout-a89b3969 wp-block-buttons-is-layout-flex\">\n<div class=\"wp-block-button has-custom-font-size is-style-fill has-medium-font-size\" style=\"text-transform:uppercase\"><a class=\"wp-block-button__link wp-element-button\" href=\"https:\/\/krzysztofcieslak.com\/pl\/spotkanie\/\" style=\"border-radius:80px;padding-top:var(--wp--preset--spacing--10);padding-bottom:var(--wp--preset--spacing--10)\" target=\"_blank\" rel=\"noopener\"><strong>Chc\u0119 porozmawia\u0107!<\/strong><\/a><\/div>\n<\/div>\n\n\n\n<div style=\"height:var(--wp--preset--spacing--10)\" aria-hidden=\"true\" class=\"wp-block-spacer\"><\/div>\n<\/div>\n<\/div>\n","protected":false},"excerpt":{"rendered":"<p>Jestem Krzysztof Cie\u015blak. Wiem wi\u0119cej, ni\u017c mo\u017cesz si\u0119 spodziewa\u0107, i jestem zafascynowany AI. Na co dzie\u0144 korzystam z ChatGPT, Claude, Gemini oraz otwartych LLM i uwa\u017cam, \u017ce GenAI jest przysz\u0142o\u015bci\u0105. D\u0105\u017c\u0119 do tego, by sta\u0107 si\u0119 ekspertem w dziedzinie in\u017cynierii AI. Porozmawiajmy! Kim jestem? Do\u015bwiadczony. Zacz\u0105\u0142em jako samouk programista. Ju\u017c w szkole podstawowej napisa\u0142em swoj\u0105 [&hellip;]<\/p>\n","protected":false},"author":1,"featured_media":0,"parent":0,"menu_order":0,"comment_status":"closed","ping_status":"closed","template":"page-no-title","meta":{"footnotes":""},"class_list":["post-315","page","type-page","status-publish","hentry"],"_links":{"self":[{"href":"https:\/\/vtensor.com\/pl\/wp-json\/wp\/v2\/pages\/315","targetHints":{"allow":["GET"]}}],"collection":[{"href":"https:\/\/vtensor.com\/pl\/wp-json\/wp\/v2\/pages"}],"about":[{"href":"https:\/\/vtensor.com\/pl\/wp-json\/wp\/v2\/types\/page"}],"author":[{"embeddable":true,"href":"https:\/\/vtensor.com\/pl\/wp-json\/wp\/v2\/users\/1"}],"replies":[{"embeddable":true,"href":"https:\/\/vtensor.com\/pl\/wp-json\/wp\/v2\/comments?post=315"}],"version-history":[{"count":18,"href":"https:\/\/vtensor.com\/pl\/wp-json\/wp\/v2\/pages\/315\/revisions"}],"predecessor-version":[{"id":456,"href":"https:\/\/vtensor.com\/pl\/wp-json\/wp\/v2\/pages\/315\/revisions\/456"}],"wp:attachment":[{"href":"https:\/\/vtensor.com\/pl\/wp-json\/wp\/v2\/media?parent=315"}],"curies":[{"name":"wp","href":"https:\/\/api.w.org\/{rel}","templated":true}]}}